{"id":6,"date":"2018-12-03T16:22:23","date_gmt":"2018-12-03T18:22:23","guid":{"rendered":"https:\/\/coxautomotive.com.br\/?page_id=6"},"modified":"2022-02-04T10:12:35","modified_gmt":"2022-02-04T13:12:35","slug":"quem-somos","status":"publish","type":"page","link":"https:\/\/www.coxautomotive.com.br\/?page_id=6","title":{"rendered":"Quem somos"},"content":{"rendered":"\n<p><\/p>\n\n\n\n<h2 class=\"has-text-align-left\" id=\"cox-automotive-brasil\">Cox Automotive Brasil <\/h2>\n\n\n\n<div class=\"wp-block-columns\">\n<div class=\"wp-block-column\"><\/div>\n<\/div>\n\n\n\n<div class=\"wp-block-columns\">\n<div class=\"wp-block-column\"><\/div>\n<\/div>\n\n\n\n<p class=\"has-text-align-left\">A nossa realiza\u00e7\u00e3o \u00e9 transformar grandes desafios em mudan\u00e7as verdadeiras, desenvolvendo comportamentos e solu\u00e7\u00f5es que garantem uma gera\u00e7\u00e3o s\u00f3lida de crescimento para os nossos clientes e a evolu\u00e7\u00e3o do mundo para as pr\u00f3ximas gera\u00e7\u00f5es.<\/p>\n\n\n\n<div class=\"wp-block-columns\">\n<div class=\"wp-block-column\"><\/div>\n<\/div>\n\n\n\n<p class=\"has-text-align-left\">Somos obcecados por tecnologia, inova\u00e7\u00e3o e ve\u00edculos e o nosso compromisso com o mercado automotivo \u00e9 acelerar a ado\u00e7\u00e3o do digital para atender a demanda dos consumidores. Os consumidores j\u00e1 esperam que as empresas sejam capazes de oferecer uma experi\u00eancia de compra digital.<\/p>\n\n\n\n<div class=\"wp-block-columns\">\n<div class=\"wp-block-column\"><\/div>\n<\/div>\n\n\n\n<p class=\"has-text-align-left\">O seu atendimento precisa estar onde o seu cliente estiver. <\/p>\n\n\n\n<p class=\"has-text-align-left\">E a Cox tem o prazer de levar todos voc\u00eas ao futuro!<\/p>\n","protected":false},"excerpt":{"rendered":"<p>Cox Automotive Brasil A nossa realiza\u00e7\u00e3o \u00e9 transformar grandes desafios em mudan\u00e7as verdadeiras, desenvolvendo comportamentos e solu\u00e7\u00f5es que garantem uma gera\u00e7\u00e3o s\u00f3lida de crescimento para os nossos clientes e a evolu\u00e7\u00e3o do mundo para as pr\u00f3ximas gera\u00e7\u00f5es. Somos obcecados por tecnologia, inova\u00e7\u00e3o e ve\u00edculos e o nosso compromisso com o mercado automotivo \u00e9 acelerar a [&hellip;]<\/p>\n","protected":false},"author":9,"featured_media":604,"parent":0,"menu_order":0,"comment_status":"closed","ping_status":"closed","template":"","meta":{"om_disable_all_campaigns":false,"_mi_skip_tracking":false},"aioseo_notices":[],"_links":{"self":[{"href":"https:\/\/www.coxautomotive.com.br\/index.php?rest_route=\/wp\/v2\/pages\/6"}],"collection":[{"href":"https:\/\/www.coxautomotive.com.br\/index.php?rest_route=\/wp\/v2\/pages"}],"about":[{"href":"https:\/\/www.coxautomotive.com.br\/index.php?rest_route=\/wp\/v2\/types\/page"}],"author":[{"embeddable":true,"href":"https:\/\/www.coxautomotive.com.br\/index.php?rest_route=\/wp\/v2\/users\/9"}],"replies":[{"embeddable":true,"href":"https:\/\/www.coxautomotive.com.br\/index.php?rest_route=%2Fwp%2Fv2%2Fcomments&post=6"}],"version-history":[{"count":44,"href":"https:\/\/www.coxautomotive.com.br\/index.php?rest_route=\/wp\/v2\/pages\/6\/revisions"}],"predecessor-version":[{"id":605,"href":"https:\/\/www.coxautomotive.com.br\/index.php?rest_route=\/wp\/v2\/pages\/6\/revisions\/605"}],"wp:featuredmedia":[{"embeddable":true,"href":"https:\/\/www.coxautomotive.com.br\/index.php?rest_route=\/wp\/v2\/media\/604"}],"wp:attachment":[{"href":"https:\/\/www.coxautomotive.com.br\/index.php?rest_route=%2Fwp%2Fv2%2Fmedia&parent=6"}],"curies":[{"name":"wp","href":"https:\/\/api.w.org\/{rel}","templated":true}]}}